{"id":37,"date":"2025-01-22T20:02:55","date_gmt":"2025-01-22T19:02:55","guid":{"rendered":"https:\/\/new.weltvertrag.org\/?page_id=37"},"modified":"2025-01-23T15:06:51","modified_gmt":"2025-01-23T14:06:51","slug":"aktivitaten","status":"publish","type":"page","link":"https:\/\/weltvertrag.org\/en\/aktivitaten\/","title":{"rendered":"Activities"},"content":{"rendered":"<div id=\"cs-content\" class=\"cs-content\"><div class=\"x-grid x-container max width e37-e1 m11-0 m11-1\"><div class=\"x-cell e37-e2 m11-3\"><div class=\"x-text x-text-headline e37-e3 m11-5 m11-6 m11-7\"><div class=\"x-text-content\"><div class=\"x-text-content-text\"><h1 class=\"x-text-content-text-primary\">Activities<\/h1><\/div><\/div><\/div><div class=\"x-text x-content e37-e4 m11-b\">The World Contract Foundation aims to use projects and services to create a greater understanding of the need for global contracts for sustainable development and thus also to show ways of implementing them. The projects provide people with concrete assistance in contributing to global contract solutions or promoting the topic. They also serve to scientifically research the conditions of a global contract.<\/div><\/div><\/div><div class=\"x-row e37-e5 m11-c m11-d\"><div class=\"x-row-inner\"><div class=\"x-col e37-e6 m11-e\"><div class=\"x-text x-text-headline e37-e7 m11-5 m11-7 m11-8 m11-9\"><div class=\"x-text-content\"><div class=\"x-text-content-text\"><h2 class=\"x-text-content-text-primary\"> Our current and completed projects\n<\/h2><\/div><\/div><\/div><\/div><div class=\"x-col e37-e8 m11-e\"><div class=\"x-grid x-container max width e37-e9 m11-1 m11-2\"><a class=\"x-cell e37-e10 m11-3 m11-4\" href=\"https:\/\/weltvertrag.org\/en\/activity\/das-klimaspiel-co2-was-hat-das-mit-mir-zu-tun\/\"><span class=\"x-image e37-e11 m11-f\"><img decoding=\"async\" src=\"https:\/\/weltvertrag.org\/wp-content\/uploads\/2025\/01\/Das-Klimaspiel-\u0393Co-\u0393CCO2-\u0393Co-was-hat-das-mit-mir-weltvertrag.webp\" width=\"600\" height=\"325\" alt=\"Das Klimaspiel &#8211; &#8222;CO2 &#8211; was hat das mit mir zu tun&#8220;\" loading=\"lazy\"><\/span><div class=\"x-text x-text-headline e37-e12 m11-5 m11-8 m11-a\"><div class=\"x-text-content\"><div class=\"x-text-content-text\"><h2 class=\"x-text-content-text-primary\">The Climate Game \u2013 \u201cCO2 \u2013 what does that have to do with me\u201d<\/h2><p class=\"x-text-content-text-subheadline\">The aim of the game is to calculate your personal footprint using...<\/p><\/div><\/div><\/div><span class=\"x-anchor x-anchor-button has-graphic e37-e13 m11-g\" tabindex=\"0\"><div class=\"x-anchor-content\"><span class=\"x-graphic\" aria-hidden=\"true\"><i class=\"x-icon x-graphic-child x-graphic-icon x-graphic-primary\" aria-hidden=\"true\" data-x-icon-s=\"&#xe09f;\"><\/i><\/span><div class=\"x-anchor-text\"><span class=\"x-anchor-text-primary\">Lees meer<\/span><\/div><\/div><\/span><\/a><a class=\"x-cell e37-e10 m11-3 m11-4\" href=\"https:\/\/weltvertrag.org\/en\/activity\/global-marshall-plan\/\"><span class=\"x-image e37-e11 m11-f\"><img decoding=\"async\" src=\"https:\/\/weltvertrag.org\/wp-content\/uploads\/2025\/01\/Global-Marshall-Plan-weltvertrag.webp\" width=\"600\" height=\"325\" alt=\"Global Marshall Plan\" loading=\"lazy\"><\/span><div class=\"x-text x-text-headline e37-e12 m11-5 m11-8 m11-a\"><div class=\"x-text-content\"><div class=\"x-text-content-text\"><h2 class=\"x-text-content-text-primary\">Global Marshall Plan<\/h2><p class=\"x-text-content-text-subheadline\">\u201cNothing in the world is as powerful as an idea...<\/p><\/div><\/div><\/div><span class=\"x-anchor x-anchor-button has-graphic e37-e13 m11-g\" tabindex=\"0\"><div class=\"x-anchor-content\"><span class=\"x-graphic\" aria-hidden=\"true\"><i class=\"x-icon x-graphic-child x-graphic-icon x-graphic-primary\" aria-hidden=\"true\" data-x-icon-s=\"&#xe09f;\"><\/i><\/span><div class=\"x-anchor-text\"><span class=\"x-anchor-text-primary\">Lees meer<\/span><\/div><\/div><\/span><\/a><a class=\"x-cell e37-e10 m11-3 m11-4\" href=\"https:\/\/weltvertrag.org\/en\/activity\/global-youth-climate-plan\/\"><span class=\"x-image e37-e11 m11-f\"><img decoding=\"async\" src=\"https:\/\/weltvertrag.org\/wp-content\/uploads\/2025\/01\/Global-Youth-Climate-Plan-weltvertrag.webp\" width=\"600\" height=\"325\" alt=\"Global Youth Climate Plan\" loading=\"lazy\"><\/span><div class=\"x-text x-text-headline e37-e12 m11-5 m11-8 m11-a\"><div class=\"x-text-content\"><div class=\"x-text-content-text\"><h2 class=\"x-text-content-text-primary\">Global Youth Climate Plan<\/h2><p class=\"x-text-content-text-subheadline\">What do we need to do to ensure that the 2-degree limit is not exceeded...<\/p><\/div><\/div><\/div><span class=\"x-anchor x-anchor-button has-graphic e37-e13 m11-g\" tabindex=\"0\"><div class=\"x-anchor-content\"><span class=\"x-graphic\" aria-hidden=\"true\"><i class=\"x-icon x-graphic-child x-graphic-icon x-graphic-primary\" aria-hidden=\"true\" data-x-icon-s=\"&#xe09f;\"><\/i><\/span><div class=\"x-anchor-text\"><span class=\"x-anchor-text-primary\">Lees meer<\/span><\/div><\/div><\/span><\/a><a class=\"x-cell e37-e10 m11-3 m11-4\" href=\"https:\/\/weltvertrag.org\/en\/activity\/plant-for-the-planet\/\"><span class=\"x-image e37-e11 m11-f\"><img decoding=\"async\" src=\"https:\/\/weltvertrag.org\/wp-content\/uploads\/2025\/01\/Plant-for-the-Planet-weltvertrag.webp\" width=\"600\" height=\"325\" alt=\"Plant-for-the-Planet\" loading=\"lazy\"><\/span><div class=\"x-text x-text-headline e37-e12 m11-5 m11-8 m11-a\"><div class=\"x-text-content\"><div class=\"x-text-content-text\"><h2 class=\"x-text-content-text-primary\">Plant-for-the-Planet<\/h2><p class=\"x-text-content-text-subheadline\">The student initiative Plant-for-the-Planet was launched in January 2007...<\/p><\/div><\/div><\/div><span class=\"x-anchor x-anchor-button has-graphic e37-e13 m11-g\" tabindex=\"0\"><div class=\"x-anchor-content\"><span class=\"x-graphic\" aria-hidden=\"true\"><i class=\"x-icon x-graphic-child x-graphic-icon x-graphic-primary\" aria-hidden=\"true\" data-x-icon-s=\"&#xe09f;\"><\/i><\/span><div class=\"x-anchor-text\"><span class=\"x-anchor-text-primary\">Lees meer<\/span><\/div><\/div><\/span><\/a><a class=\"x-cell e37-e10 m11-3 m11-4\" href=\"https:\/\/weltvertrag.org\/en\/activity\/referentenvermittlung\/\"><span class=\"x-image e37-e11 m11-f\"><img decoding=\"async\" src=\"https:\/\/weltvertrag.org\/wp-content\/uploads\/2025\/01\/Referentenvermittlung-weltvertrag.webp\" width=\"600\" height=\"325\" alt=\"Referentenvermittlung\" loading=\"lazy\"><\/span><div class=\"x-text x-text-headline e37-e12 m11-5 m11-8 m11-a\"><div class=\"x-text-content\"><div class=\"x-text-content-text\"><h2 class=\"x-text-content-text-primary\">Speaker placement<\/h2><p class=\"x-text-content-text-subheadline\">The sustainability of our technical and social development are the decisive...<\/p><\/div><\/div><\/div><span class=\"x-anchor x-anchor-button has-graphic e37-e13 m11-g\" tabindex=\"0\"><div class=\"x-anchor-content\"><span class=\"x-graphic\" aria-hidden=\"true\"><i class=\"x-icon x-graphic-child x-graphic-icon x-graphic-primary\" aria-hidden=\"true\" data-x-icon-s=\"&#xe09f;\"><\/i><\/span><div class=\"x-anchor-text\"><span class=\"x-anchor-text-primary\">Lees meer<\/span><\/div><\/div><\/span><\/a><a class=\"x-cell e37-e10 m11-3 m11-4\" href=\"https:\/\/weltvertrag.org\/en\/activity\/global-contract-watch-berichte\/\"><span class=\"x-image e37-e11 m11-f\"><img decoding=\"async\" src=\"https:\/\/weltvertrag.org\/wp-content\/uploads\/2025\/01\/Global-Contract-Watch-Berichte-weltvertrag.webp\" width=\"600\" height=\"325\" alt=\"Global Contract Watch Berichte\" loading=\"lazy\"><\/span><div class=\"x-text x-text-headline e37-e12 m11-5 m11-8 m11-a\"><div class=\"x-text-content\"><div class=\"x-text-content-text\"><h2 class=\"x-text-content-text-primary\">Global Contract Watch reports<\/h2><p class=\"x-text-content-text-subheadline\">In 2003, the World Contract Foundation played a major role in the global...<\/p><\/div><\/div><\/div><span class=\"x-anchor x-anchor-button has-graphic e37-e13 m11-g\" tabindex=\"0\"><div class=\"x-anchor-content\"><span class=\"x-graphic\" aria-hidden=\"true\"><i class=\"x-icon x-graphic-child x-graphic-icon x-graphic-primary\" aria-hidden=\"true\" data-x-icon-s=\"&#xe09f;\"><\/i><\/span><div class=\"x-anchor-text\"><span class=\"x-anchor-text-primary\">Lees meer<\/span><\/div><\/div><\/span><\/a><a class=\"x-cell e37-e10 m11-3 m11-4\" href=\"https:\/\/weltvertrag.org\/en\/activity\/pro-day\/\"><span class=\"x-image e37-e11 m11-f\"><img decoding=\"async\" src=\"https:\/\/weltvertrag.org\/wp-content\/uploads\/2025\/01\/Proday.webp\" width=\"600\" height=\"325\" alt=\"Pro Day\" loading=\"lazy\"><\/span><div class=\"x-text x-text-headline e37-e12 m11-5 m11-8 m11-a\"><div class=\"x-text-content\"><div class=\"x-text-content-text\"><h2 class=\"x-text-content-text-primary\">Pro Day<\/h2><p class=\"x-text-content-text-subheadline\">Proday \u2013 the school network for North-South partnerships Proday is an international,...<\/p><\/div><\/div><\/div><span class=\"x-anchor x-anchor-button has-graphic e37-e13 m11-g\" tabindex=\"0\"><div class=\"x-anchor-content\"><span class=\"x-graphic\" aria-hidden=\"true\"><i class=\"x-icon x-graphic-child x-graphic-icon x-graphic-primary\" aria-hidden=\"true\" data-x-icon-s=\"&#xe09f;\"><\/i><\/span><div class=\"x-anchor-text\"><span class=\"x-anchor-text-primary\">Lees meer<\/span><\/div><\/div><\/span><\/a><a class=\"x-cell e37-e10 m11-3 m11-4\" href=\"https:\/\/weltvertrag.org\/en\/activity\/odysseum-koln\/\"><span class=\"x-image e37-e11 m11-f\"><img decoding=\"async\" src=\"https:\/\/weltvertrag.org\/wp-content\/uploads\/2025\/01\/Science-Adventure-Odysseum-weltvertrag.webp\" width=\"600\" height=\"325\" alt=\"Odysseum K\u00f6ln\" loading=\"lazy\"><\/span><div class=\"x-text x-text-headline e37-e12 m11-5 m11-8 m11-a\"><div class=\"x-text-content\"><div class=\"x-text-content-text\"><h2 class=\"x-text-content-text-primary\">Odysseum K\u00f6ln<\/h2><p class=\"x-text-content-text-subheadline\">Science Adventure Odysseum \u2013 Adventure House of Knowledge The Science Adventure...<\/p><\/div><\/div><\/div><span class=\"x-anchor x-anchor-button has-graphic e37-e13 m11-g\" tabindex=\"0\"><div class=\"x-anchor-content\"><span class=\"x-graphic\" aria-hidden=\"true\"><i class=\"x-icon x-graphic-child x-graphic-icon x-graphic-primary\" aria-hidden=\"true\" data-x-icon-s=\"&#xe09f;\"><\/i><\/span><div class=\"x-anchor-text\"><span class=\"x-anchor-text-primary\">Lees meer<\/span><\/div><\/div><\/span><\/a><a class=\"x-cell e37-e10 m11-3 m11-4\" href=\"https:\/\/weltvertrag.org\/en\/activity\/achtung-weltvertrag\/\"><span class=\"x-image e37-e11 m11-f\"><img decoding=\"async\" src=\"https:\/\/weltvertrag.org\/wp-content\/uploads\/2025\/01\/Achtung-Weltvertrag-weltvertrag.webp\" width=\"600\" height=\"325\" alt=\"Achtung Weltvertrag!\" loading=\"lazy\"><\/span><div class=\"x-text x-text-headline e37-e12 m11-5 m11-8 m11-a\"><div class=\"x-text-content\"><div class=\"x-text-content-text\"><h2 class=\"x-text-content-text-primary\">Attention World Treaty!<\/h2><p class=\"x-text-content-text-subheadline\">Global problem areas such as world trade, climate change and social injustice remain today...<\/p><\/div><\/div><\/div><span class=\"x-anchor x-anchor-button has-graphic e37-e13 m11-g\" tabindex=\"0\"><div class=\"x-anchor-content\"><span class=\"x-graphic\" aria-hidden=\"true\"><i class=\"x-icon x-graphic-child x-graphic-icon x-graphic-primary\" aria-hidden=\"true\" data-x-icon-s=\"&#xe09f;\"><\/i><\/span><div class=\"x-anchor-text\"><span class=\"x-anchor-text-primary\">Lees meer<\/span><\/div><\/div><\/span><\/a><a class=\"x-cell e37-e10 m11-3 m11-4\" href=\"https:\/\/weltvertrag.org\/en\/activity\/global-contract-report\/\"><span class=\"x-image e37-e11 m11-f\"><img decoding=\"async\" src=\"https:\/\/weltvertrag.org\/wp-content\/uploads\/2025\/01\/Global-Contract-Report-weltvertrag.webp\" width=\"600\" height=\"325\" alt=\"Global Contract Report\" loading=\"lazy\"><\/span><div class=\"x-text x-text-headline e37-e12 m11-5 m11-8 m11-a\"><div class=\"x-text-content\"><div class=\"x-text-content-text\"><h2 class=\"x-text-content-text-primary\">Global Contract Report<\/h2><p class=\"x-text-content-text-subheadline\">The discussion paper defines the term \u201cglobal contract\u201d and provides evaluation criteria for...<\/p><\/div><\/div><\/div><span class=\"x-anchor x-anchor-button has-graphic e37-e13 m11-g\" tabindex=\"0\"><div class=\"x-anchor-content\"><span class=\"x-graphic\" aria-hidden=\"true\"><i class=\"x-icon x-graphic-child x-graphic-icon x-graphic-primary\" aria-hidden=\"true\" data-x-icon-s=\"&#xe09f;\"><\/i><\/span><div class=\"x-anchor-text\"><span class=\"x-anchor-text-primary\">Lees meer<\/span><\/div><\/div><\/span><\/a><\/div><\/div><\/div><\/div><\/div>","protected":false},"excerpt":{"rendered":"<p>Aktivit\u00e4tenDie Stiftung Weltvertrag will mit Projekten &amp; Serviceleistungen mehr Verst\u00e4ndnis f\u00fcr die Notwendigkeit globaler Vertr\u00e4ge f\u00fcr eine nachhaltige Entwicklung erzeugen und damit auch Wege zu ihrer Realisierung aufzeigen. Die Projekte geben Menschen Hilfestellung konkret an weltvertraglichen L\u00f6sungen mitzuwirken oder das Thema zu bef\u00f6rdern. Zus\u00e4tzlich dienen sie der wissenschaftlichen Erforschung der Bedingungen eines Weltvertrages. Unsere aktuellen und abgeschlossenen Projekte Das Klimaspiel &#8230;<\/p>","protected":false},"author":2,"featured_media":58,"parent":0,"menu_order":0,"comment_status":"closed","ping_status":"closed","template":"template-blank-4.php","meta":{"footnotes":""},"class_list":["post-37","page","type-page","status-publish","has-post-thumbnail","hentry"],"yoast_head":"<!-- This site is optimized with the Yoast SEO plugin v24.3 - https:\/\/yoast.com\/wordpress\/plugins\/seo\/ -->\n<title>Aktivit\u00e4ten | Stiftung Weltvertrag<\/title>\n<meta name=\"description\" content=\"Die Stiftung Weltvertrag f\u00f6rdert Nachhaltigkeit in \u00f6kologischen, \u00f6konomischen, sozialen und kulturellen Bereichen f\u00fcr eine bessere Zukunft.\" \/>\n<meta name=\"robots\" content=\"noindex, follow, max-snippet:-1, max-image-preview:large, max-video-preview:-1\" \/>\n<meta property=\"og:locale\" content=\"en_US\" \/>\n<meta property=\"og:type\" content=\"article\" \/>\n<meta property=\"og:title\" content=\"Aktivit\u00e4ten | Stiftung Weltvertrag\" \/>\n<meta property=\"og:description\" content=\"Die Stiftung Weltvertrag f\u00f6rdert Nachhaltigkeit in \u00f6kologischen, \u00f6konomischen, sozialen und kulturellen Bereichen f\u00fcr eine bessere Zukunft.\" \/>\n<meta property=\"og:url\" content=\"https:\/\/weltvertrag.org\/en\/aktivitaten\/\" \/>\n<meta property=\"og:site_name\" content=\"Stiftung Weltvertrag\" \/>\n<meta property=\"article:modified_time\" content=\"2025-01-23T14:06:51+00:00\" \/>\n<meta property=\"og:image\" content=\"https:\/\/weltvertrag.org\/wp-content\/uploads\/2025\/01\/Das-Stiftergremium-Design.webp\" \/>\n\t<meta property=\"og:image:width\" content=\"800\" \/>\n\t<meta property=\"og:image:height\" content=\"800\" \/>\n\t<meta property=\"og:image:type\" content=\"image\/webp\" \/>\n<meta name=\"twitter:card\" content=\"summary_large_image\" \/>\n<meta name=\"twitter:label1\" content=\"Est. reading time\" \/>\n\t<meta name=\"twitter:data1\" content=\"4 minutes\" \/>\n<script type=\"application\/ld+json\" class=\"yoast-schema-graph\">{\"@context\":\"https:\/\/schema.org\",\"@graph\":[{\"@type\":\"WebPage\",\"@id\":\"https:\/\/weltvertrag.org\/aktivitaten\/\",\"url\":\"https:\/\/weltvertrag.org\/aktivitaten\/\",\"name\":\"Aktivit\u00e4ten | Stiftung Weltvertrag\",\"isPartOf\":{\"@id\":\"https:\/\/weltvertrag.org\/#website\"},\"primaryImageOfPage\":{\"@id\":\"https:\/\/weltvertrag.org\/aktivitaten\/#primaryimage\"},\"image\":{\"@id\":\"https:\/\/weltvertrag.org\/aktivitaten\/#primaryimage\"},\"thumbnailUrl\":\"https:\/\/weltvertrag.org\/wp-content\/uploads\/2025\/01\/Das-Stiftergremium-Design.webp\",\"datePublished\":\"2025-01-22T19:02:55+00:00\",\"dateModified\":\"2025-01-23T14:06:51+00:00\",\"description\":\"Die Stiftung Weltvertrag f\u00f6rdert Nachhaltigkeit in \u00f6kologischen, \u00f6konomischen, sozialen und kulturellen Bereichen f\u00fcr eine bessere Zukunft.\",\"breadcrumb\":{\"@id\":\"https:\/\/weltvertrag.org\/aktivitaten\/#breadcrumb\"},\"inLanguage\":\"en-US\",\"potentialAction\":[{\"@type\":\"ReadAction\",\"target\":[\"https:\/\/weltvertrag.org\/aktivitaten\/\"]}]},{\"@type\":\"ImageObject\",\"inLanguage\":\"en-US\",\"@id\":\"https:\/\/weltvertrag.org\/aktivitaten\/#primaryimage\",\"url\":\"https:\/\/weltvertrag.org\/wp-content\/uploads\/2025\/01\/Das-Stiftergremium-Design.webp\",\"contentUrl\":\"https:\/\/weltvertrag.org\/wp-content\/uploads\/2025\/01\/Das-Stiftergremium-Design.webp\",\"width\":800,\"height\":800},{\"@type\":\"BreadcrumbList\",\"@id\":\"https:\/\/weltvertrag.org\/aktivitaten\/#breadcrumb\",\"itemListElement\":[{\"@type\":\"ListItem\",\"position\":1,\"name\":\"Home\",\"item\":\"https:\/\/weltvertrag.org\/\"},{\"@type\":\"ListItem\",\"position\":2,\"name\":\"Aktivit\u00e4ten\"}]},{\"@type\":\"WebSite\",\"@id\":\"https:\/\/weltvertrag.org\/#website\",\"url\":\"https:\/\/weltvertrag.org\/\",\"name\":\"Weltvertrag\",\"description\":\"Global Contract Foundation\",\"publisher\":{\"@id\":\"https:\/\/weltvertrag.org\/#organization\"},\"potentialAction\":[{\"@type\":\"SearchAction\",\"target\":{\"@type\":\"EntryPoint\",\"urlTemplate\":\"https:\/\/weltvertrag.org\/?s={search_term_string}\"},\"query-input\":{\"@type\":\"PropertyValueSpecification\",\"valueRequired\":true,\"valueName\":\"search_term_string\"}}],\"inLanguage\":\"en-US\"},{\"@type\":\"Organization\",\"@id\":\"https:\/\/weltvertrag.org\/#organization\",\"name\":\"Weltvertrag\",\"url\":\"https:\/\/weltvertrag.org\/\",\"logo\":{\"@type\":\"ImageObject\",\"inLanguage\":\"en-US\",\"@id\":\"https:\/\/weltvertrag.org\/#\/schema\/logo\/image\/\",\"url\":\"https:\/\/weltvertrag.org\/wp-content\/uploads\/2025\/01\/icon.jpg\",\"contentUrl\":\"https:\/\/weltvertrag.org\/wp-content\/uploads\/2025\/01\/icon.jpg\",\"width\":73,\"height\":72,\"caption\":\"Weltvertrag\"},\"image\":{\"@id\":\"https:\/\/weltvertrag.org\/#\/schema\/logo\/image\/\"}}]}<\/script>\n<!-- \/ Yoast SEO plugin. -->","yoast_head_json":{"title":"Aktivit\u00e4ten | Stiftung Weltvertrag","description":"Die Stiftung Weltvertrag f\u00f6rdert Nachhaltigkeit in \u00f6kologischen, \u00f6konomischen, sozialen und kulturellen Bereichen f\u00fcr eine bessere Zukunft.","robots":{"index":"noindex","follow":"follow","max-snippet":"max-snippet:-1","max-image-preview":"max-image-preview:large","max-video-preview":"max-video-preview:-1"},"og_locale":"en_US","og_type":"article","og_title":"Aktivit\u00e4ten | Stiftung Weltvertrag","og_description":"Die Stiftung Weltvertrag f\u00f6rdert Nachhaltigkeit in \u00f6kologischen, \u00f6konomischen, sozialen und kulturellen Bereichen f\u00fcr eine bessere Zukunft.","og_url":"https:\/\/weltvertrag.org\/en\/aktivitaten\/","og_site_name":"Stiftung Weltvertrag","article_modified_time":"2025-01-23T14:06:51+00:00","og_image":[{"width":800,"height":800,"url":"https:\/\/weltvertrag.org\/wp-content\/uploads\/2025\/01\/Das-Stiftergremium-Design.webp","type":"image\/webp"}],"twitter_card":"summary_large_image","twitter_misc":{"Est. reading time":"4 minutes"},"schema":{"@context":"https:\/\/schema.org","@graph":[{"@type":"WebPage","@id":"https:\/\/weltvertrag.org\/aktivitaten\/","url":"https:\/\/weltvertrag.org\/aktivitaten\/","name":"Aktivit\u00e4ten | Stiftung Weltvertrag","isPartOf":{"@id":"https:\/\/weltvertrag.org\/#website"},"primaryImageOfPage":{"@id":"https:\/\/weltvertrag.org\/aktivitaten\/#primaryimage"},"image":{"@id":"https:\/\/weltvertrag.org\/aktivitaten\/#primaryimage"},"thumbnailUrl":"https:\/\/weltvertrag.org\/wp-content\/uploads\/2025\/01\/Das-Stiftergremium-Design.webp","datePublished":"2025-01-22T19:02:55+00:00","dateModified":"2025-01-23T14:06:51+00:00","description":"Die Stiftung Weltvertrag f\u00f6rdert Nachhaltigkeit in \u00f6kologischen, \u00f6konomischen, sozialen und kulturellen Bereichen f\u00fcr eine bessere Zukunft.","breadcrumb":{"@id":"https:\/\/weltvertrag.org\/aktivitaten\/#breadcrumb"},"inLanguage":"en-US","potentialAction":[{"@type":"ReadAction","target":["https:\/\/weltvertrag.org\/aktivitaten\/"]}]},{"@type":"ImageObject","inLanguage":"en-US","@id":"https:\/\/weltvertrag.org\/aktivitaten\/#primaryimage","url":"https:\/\/weltvertrag.org\/wp-content\/uploads\/2025\/01\/Das-Stiftergremium-Design.webp","contentUrl":"https:\/\/weltvertrag.org\/wp-content\/uploads\/2025\/01\/Das-Stiftergremium-Design.webp","width":800,"height":800},{"@type":"BreadcrumbList","@id":"https:\/\/weltvertrag.org\/aktivitaten\/#breadcrumb","itemListElement":[{"@type":"ListItem","position":1,"name":"Home","item":"https:\/\/weltvertrag.org\/"},{"@type":"ListItem","position":2,"name":"Aktivit\u00e4ten"}]},{"@type":"WebSite","@id":"https:\/\/weltvertrag.org\/#website","url":"https:\/\/weltvertrag.org\/","name":"Weltvertrag","description":"Global Contract Foundation","publisher":{"@id":"https:\/\/weltvertrag.org\/#organization"},"potentialAction":[{"@type":"SearchAction","target":{"@type":"EntryPoint","urlTemplate":"https:\/\/weltvertrag.org\/?s={search_term_string}"},"query-input":{"@type":"PropertyValueSpecification","valueRequired":true,"valueName":"search_term_string"}}],"inLanguage":"en-US"},{"@type":"Organization","@id":"https:\/\/weltvertrag.org\/#organization","name":"Weltvertrag","url":"https:\/\/weltvertrag.org\/","logo":{"@type":"ImageObject","inLanguage":"en-US","@id":"https:\/\/weltvertrag.org\/#\/schema\/logo\/image\/","url":"https:\/\/weltvertrag.org\/wp-content\/uploads\/2025\/01\/icon.jpg","contentUrl":"https:\/\/weltvertrag.org\/wp-content\/uploads\/2025\/01\/icon.jpg","width":73,"height":72,"caption":"Weltvertrag"},"image":{"@id":"https:\/\/weltvertrag.org\/#\/schema\/logo\/image\/"}}]}},"_links":{"self":[{"href":"https:\/\/weltvertrag.org\/en\/wp-json\/wp\/v2\/pages\/37","targetHints":{"allow":["GET"]}}],"collection":[{"href":"https:\/\/weltvertrag.org\/en\/wp-json\/wp\/v2\/pages"}],"about":[{"href":"https:\/\/weltvertrag.org\/en\/wp-json\/wp\/v2\/types\/page"}],"author":[{"embeddable":true,"href":"https:\/\/weltvertrag.org\/en\/wp-json\/wp\/v2\/users\/2"}],"replies":[{"embeddable":true,"href":"https:\/\/weltvertrag.org\/en\/wp-json\/wp\/v2\/comments?post=37"}],"version-history":[{"count":8,"href":"https:\/\/weltvertrag.org\/en\/wp-json\/wp\/v2\/pages\/37\/revisions"}],"predecessor-version":[{"id":114,"href":"https:\/\/weltvertrag.org\/en\/wp-json\/wp\/v2\/pages\/37\/revisions\/114"}],"wp:featuredmedia":[{"embeddable":true,"href":"https:\/\/weltvertrag.org\/en\/wp-json\/wp\/v2\/media\/58"}],"wp:attachment":[{"href":"https:\/\/weltvertrag.org\/en\/wp-json\/wp\/v2\/media?parent=37"}],"curies":[{"name":"wp","href":"https:\/\/api.w.org\/{rel}","templated":true}]}}